{"id":388,"date":"2025-12-23T14:52:14","date_gmt":"2025-12-23T13:52:14","guid":{"rendered":"https:\/\/rielda-wordpress.webtier.net\/?page_id=388"},"modified":"2026-04-03T11:45:01","modified_gmt":"2026-04-03T09:45:01","slug":"standard","status":"publish","type":"page","link":"https:\/\/www.rieldaserrature.com\/en\/standard\/","title":{"rendered":"Standard"},"content":{"rendered":"<div data-elementor-type=\"wp-page\" data-elementor-id=\"388\" class=\"elementor elementor-388\" wpc-filter-elementor-widget=\"1\" data-elementor-post-type=\"page\">\n\t\t\t\t<div class=\"elementor-element elementor-element-b275a47 e-flex e-con-boxed e-con e-parent\" data-id=\"b275a47\" data-element_type=\"container\" data-e-type=\"container\" data-settings=\"{&quot;jet_parallax_layout_list&quot;:[]}\">\n\t\t\t\t\t<div class=\"e-con-inner\">\n\t\t\t\t<div class=\"elementor-element elementor-element-0aced1b elementor-hidden-mobile elementor-widget elementor-widget-spacer\" data-id=\"0aced1b\" data-element_type=\"widget\" data-e-type=\"widget\" data-widget_type=\"spacer.default\">\n\t\t\t\t\t\t\t<div class=\"elementor-spacer\">\n\t\t\t<div class=\"elementor-spacer-inner\"><\/div>\n\t\t<\/div>\n\t\t\t\t\t\t<\/div>\n\t\t\t\t\t<\/div>\n\t\t\t\t<\/div>\n\t\t<div class=\"elementor-element elementor-element-134b01e e-con-full e-flex e-con e-parent\" data-id=\"134b01e\" data-element_type=\"container\" data-e-type=\"container\" data-settings=\"{&quot;jet_parallax_layout_list&quot;:[]}\">\n\t\t\t\t<div class=\"elementor-element elementor-element-6410472 elementor-widget elementor-widget-heading\" data-id=\"6410472\" data-element_type=\"widget\" data-e-type=\"widget\" data-widget_type=\"heading.default\">\n\t\t\t\t\t<h2 class=\"elementor-heading-title elementor-size-default\">Standard<\/h2>\t\t\t\t<\/div>\n\t\t\t\t<div class=\"elementor-element elementor-element-cfacd17 elementor-widget elementor-widget-heading\" data-id=\"cfacd17\" data-element_type=\"widget\" data-e-type=\"widget\" data-widget_type=\"heading.default\">\n\t\t\t\t\t<h2 class=\"elementor-heading-title elementor-size-default\">Standard mechanics is an established technology but we<br>We\u2019ve redesigned it in its fundamental elements.<\/h2>\t\t\t\t<\/div>\n\t\t\t\t<div class=\"elementor-element elementor-element-4fbc13c elementor-widget elementor-widget-text-editor\" data-id=\"4fbc13c\" data-element_type=\"widget\" data-e-type=\"widget\" data-widget_type=\"text-editor.default\">\n\t\t\t\t\t\t\t\t\t<em>\u201cInstead of the classic pins and sockets, we have opted for a lamella solution,<br>per maggior precisione, affidabilit\u00e0 e controllo&#8221;<\/em>\t\t\t\t\t\t\t\t<\/div>\n\t\t\t\t<\/div>\n\t\t<div class=\"elementor-element elementor-element-14bac8e e-con-full e-flex e-con e-parent\" data-id=\"14bac8e\" data-element_type=\"container\" data-e-type=\"container\" data-settings=\"{&quot;jet_parallax_layout_list&quot;:[]}\">\n\t\t<div class=\"elementor-element elementor-element-27d766d e-con-full e-flex e-con e-child\" data-id=\"27d766d\" data-element_type=\"container\" data-e-type=\"container\" data-settings=\"{&quot;jet_parallax_layout_list&quot;:[]}\">\n\t\t\t\t<\/div>\n\t\t<div class=\"elementor-element elementor-element-c4ba565 e-con-full e-flex e-con e-child\" data-id=\"c4ba565\" data-element_type=\"container\" data-e-type=\"container\" data-settings=\"{&quot;jet_parallax_layout_list&quot;:[]}\">\n\t\t\t\t<\/div>\n\t\t<div class=\"elementor-element elementor-element-43e675c e-con-full e-flex e-con e-child\" data-id=\"43e675c\" data-element_type=\"container\" data-e-type=\"container\" data-settings=\"{&quot;jet_parallax_layout_list&quot;:[]}\">\n\t\t\t\t<\/div>\n\t\t\t\t<\/div>\n\t\t<div class=\"elementor-element elementor-element-e1d18e9 e-flex e-con-boxed e-con e-parent\" data-id=\"e1d18e9\" data-element_type=\"container\" data-e-type=\"container\" data-settings=\"{&quot;jet_parallax_layout_list&quot;:[]}\">\n\t\t\t\t\t<div class=\"e-con-inner\">\n\t\t\t\t<div class=\"elementor-element elementor-element-ff29bd7 elementor-widget elementor-widget-spacer\" data-id=\"ff29bd7\" data-element_type=\"widget\" data-e-type=\"widget\" data-widget_type=\"spacer.default\">\n\t\t\t\t\t\t\t<div class=\"elementor-spacer\">\n\t\t\t<div class=\"elementor-spacer-inner\"><\/div>\n\t\t<\/div>\n\t\t\t\t\t\t<\/div>\n\t\t\t\t\t<\/div>\n\t\t\t\t<\/div>\n\t\t<div class=\"elementor-element elementor-element-99094cd e-con-full e-flex e-con e-parent\" data-id=\"99094cd\" data-element_type=\"container\" data-e-type=\"container\" data-settings=\"{&quot;jet_parallax_layout_list&quot;:[]}\">\n\t\t<div class=\"elementor-element elementor-element-f301566 e-con-full elementor-hidden-mobile e-flex e-con e-child\" data-id=\"f301566\" data-element_type=\"container\" data-e-type=\"container\" data-settings=\"{&quot;jet_parallax_layout_list&quot;:[]}\">\n\t\t\t\t<\/div>\n\t\t<div class=\"elementor-element elementor-element-f67fa33 e-con-full e-flex e-con e-child\" data-id=\"f67fa33\" data-element_type=\"container\" data-e-type=\"container\" data-settings=\"{&quot;background_background&quot;:&quot;classic&quot;,&quot;jet_parallax_layout_list&quot;:[]}\">\n\t\t\t\t<div class=\"elementor-element elementor-element-3834b27 elementor-widget elementor-widget-text-editor\" data-id=\"3834b27\" data-element_type=\"widget\" data-e-type=\"widget\" data-widget_type=\"text-editor.default\">\n\t\t\t\t\t\t\t\t\t<p><strong>RS4<\/strong> Residential and Private<\/p>\t\t\t\t\t\t\t\t<\/div>\n\t\t\t\t<div class=\"elementor-element elementor-element-6aed334 elementor-widget elementor-widget-image\" data-id=\"6aed334\" data-element_type=\"widget\" data-e-type=\"widget\" data-widget_type=\"image.default\">\n\t\t\t\t\t\t\t\t\t\t\t\t\t\t\t<img fetchpriority=\"high\" decoding=\"async\" width=\"800\" height=\"534\" src=\"https:\/\/www.rieldaserrature.com\/wp-content\/uploads\/2026\/03\/RS4-1024x683.jpg\" class=\"attachment-large size-large wp-image-2792\" alt=\"\" srcset=\"https:\/\/www.rieldaserrature.com\/wp-content\/uploads\/2026\/03\/RS4-1024x683.jpg 1024w, https:\/\/www.rieldaserrature.com\/wp-content\/uploads\/2026\/03\/RS4-300x200.jpg 300w, https:\/\/www.rieldaserrature.com\/wp-content\/uploads\/2026\/03\/RS4-768x512.jpg 768w, https:\/\/www.rieldaserrature.com\/wp-content\/uploads\/2026\/03\/RS4-1536x1024.jpg 1536w, https:\/\/www.rieldaserrature.com\/wp-content\/uploads\/2026\/03\/RS4-2048x1365.jpg 2048w\" sizes=\"(max-width: 800px) 100vw, 800px\" \/>\t\t\t\t\t\t\t\t\t\t\t\t\t\t\t<\/div>\n\t\t\t\t<div class=\"elementor-element elementor-element-b7c0dfc elementor-align-center elementor-widget elementor-widget-button\" data-id=\"b7c0dfc\" data-element_type=\"widget\" data-e-type=\"widget\" data-widget_type=\"button.default\">\n\t\t\t\t\t\t\t\t\t\t<a class=\"elementor-button elementor-button-link elementor-size-sm\" href=\"https:\/\/www.rieldaserrature.com\/en\/rs4\/\">\n\t\t\t\t\t\t<span class=\"elementor-button-content-wrapper\">\n\t\t\t\t\t\t\t\t\t<span class=\"elementor-button-text\">Find out more<\/span>\n\t\t\t\t\t<\/span>\n\t\t\t\t\t<\/a>\n\t\t\t\t\t\t\t\t<\/div>\n\t\t\t\t<\/div>\n\t\t<div class=\"elementor-element elementor-element-63c2a57 e-con-full e-flex e-con e-child\" data-id=\"63c2a57\" data-element_type=\"container\" data-e-type=\"container\" data-settings=\"{&quot;jet_parallax_layout_list&quot;:[]}\">\n\t\t\t\t<\/div>\n\t\t<div class=\"elementor-element elementor-element-73547f4 e-con-full e-flex e-con e-child\" data-id=\"73547f4\" data-element_type=\"container\" data-e-type=\"container\" data-settings=\"{&quot;background_background&quot;:&quot;classic&quot;,&quot;jet_parallax_layout_list&quot;:[]}\">\n\t\t\t\t<div class=\"elementor-element elementor-element-1d580c1 elementor-widget elementor-widget-text-editor\" data-id=\"1d580c1\" data-element_type=\"widget\" data-e-type=\"widget\" data-widget_type=\"text-editor.default\">\n\t\t\t\t\t\t\t\t\t<p><strong>RS5<\/strong> Vending and Gaming<\/p>\t\t\t\t\t\t\t\t<\/div>\n\t\t\t\t<div class=\"elementor-element elementor-element-c2cba15 elementor-widget elementor-widget-image\" data-id=\"c2cba15\" data-element_type=\"widget\" data-e-type=\"widget\" data-widget_type=\"image.default\">\n\t\t\t\t\t\t\t\t\t\t\t\t\t\t\t<img decoding=\"async\" width=\"800\" height=\"534\" src=\"https:\/\/www.rieldaserrature.com\/wp-content\/uploads\/2026\/03\/RS5-1024x683.jpg\" class=\"attachment-large size-large wp-image-2793\" alt=\"\" srcset=\"https:\/\/www.rieldaserrature.com\/wp-content\/uploads\/2026\/03\/RS5-1024x683.jpg 1024w, https:\/\/www.rieldaserrature.com\/wp-content\/uploads\/2026\/03\/RS5-300x200.jpg 300w, https:\/\/www.rieldaserrature.com\/wp-content\/uploads\/2026\/03\/RS5-768x512.jpg 768w, https:\/\/www.rieldaserrature.com\/wp-content\/uploads\/2026\/03\/RS5-1536x1024.jpg 1536w, https:\/\/www.rieldaserrature.com\/wp-content\/uploads\/2026\/03\/RS5-2048x1365.jpg 2048w\" sizes=\"(max-width: 800px) 100vw, 800px\" \/>\t\t\t\t\t\t\t\t\t\t\t\t\t\t\t<\/div>\n\t\t\t\t<div class=\"elementor-element elementor-element-6f71cff elementor-align-center elementor-widget elementor-widget-button\" data-id=\"6f71cff\" data-element_type=\"widget\" data-e-type=\"widget\" data-widget_type=\"button.default\">\n\t\t\t\t\t\t\t\t\t\t<a class=\"elementor-button elementor-button-link elementor-size-sm\" href=\"https:\/\/www.rieldaserrature.com\/en\/rs5\/\">\n\t\t\t\t\t\t<span class=\"elementor-button-content-wrapper\">\n\t\t\t\t\t\t\t\t\t<span class=\"elementor-button-text\">Find out more<\/span>\n\t\t\t\t\t<\/span>\n\t\t\t\t\t<\/a>\n\t\t\t\t\t\t\t\t<\/div>\n\t\t\t\t<\/div>\n\t\t<div class=\"elementor-element elementor-element-46df633 e-con-full e-flex e-con e-child\" data-id=\"46df633\" data-element_type=\"container\" data-e-type=\"container\" data-settings=\"{&quot;jet_parallax_layout_list&quot;:[]}\">\n\t\t\t\t<\/div>\n\t\t\t\t<\/div>\n\t\t<div class=\"elementor-element elementor-element-7ea302d e-flex e-con-boxed e-con e-parent\" data-id=\"7ea302d\" data-element_type=\"container\" data-e-type=\"container\" data-settings=\"{&quot;jet_parallax_layout_list&quot;:[]}\">\n\t\t\t\t\t<div class=\"e-con-inner\">\n\t\t\t\t<div class=\"elementor-element elementor-element-0bed7db elementor-widget elementor-widget-spacer\" data-id=\"0bed7db\" data-element_type=\"widget\" data-e-type=\"widget\" data-widget_type=\"spacer.default\">\n\t\t\t\t\t\t\t<div class=\"elementor-spacer\">\n\t\t\t<div class=\"elementor-spacer-inner\"><\/div>\n\t\t<\/div>\n\t\t\t\t\t\t<\/div>\n\t\t\t\t\t<\/div>\n\t\t\t\t<\/div>\n\t\t\t\t<\/div>","protected":false},"excerpt":{"rendered":"<p>Standard La meccanica standard \u00e8 una tecnologia consolidata ma noil&#8217;abbiamo riprogettata nei suoi elementi fondamentali. &#8220;Invece dei classici perni e controperni abbiamo scelto una soluzione a lamelle,per maggior precisione, affidabilit\u00e0 e controllo&#8221; RS4 Residenziale e Privato Scopri di pi\u00f9 RS5 Vending e Gaming Scopri di pi\u00f9<\/p>","protected":false},"author":1,"featured_media":0,"parent":0,"menu_order":0,"comment_status":"closed","ping_status":"closed","template":"elementor_header_footer","meta":{"_acf_changed":false,"footnotes":""},"class_list":["post-388","page","type-page","status-publish","hentry"],"acf":[],"yoast_head":"<!-- This site is optimized with the Yoast SEO plugin v27.5 - https:\/\/yoast.com\/product\/yoast-seo-wordpress\/ -->\n<title>Standard - Rielda Serrature | Sistemi di chiusura e serrature innovative<\/title>\n<meta name=\"robots\" content=\"index, follow, max-snippet:-1, max-image-preview:large, max-video-preview:-1\" \/>\n<link rel=\"canonical\" href=\"https:\/\/www.rieldaserrature.com\/en\/standard\/\" \/>\n<meta property=\"og:locale\" content=\"en_GB\" \/>\n<meta property=\"og:type\" content=\"article\" \/>\n<meta property=\"og:title\" content=\"Standard - Rielda Serrature | Sistemi di chiusura e serrature innovative\" \/>\n<meta property=\"og:description\" content=\"Standard La meccanica standard \u00e8 una tecnologia consolidata ma noil&#8217;abbiamo riprogettata nei suoi elementi fondamentali. &#8220;Invece dei classici perni e controperni abbiamo scelto una soluzione a lamelle,per maggior precisione, affidabilit\u00e0 e controllo&#8221; RS4 Residenziale e Privato Scopri di pi\u00f9 RS5 Vending e Gaming Scopri di pi\u00f9\" \/>\n<meta property=\"og:url\" content=\"https:\/\/www.rieldaserrature.com\/en\/standard\/\" \/>\n<meta property=\"og:site_name\" content=\"Rielda Serrature | Sistemi di chiusura e serrature innovative\" \/>\n<meta property=\"article:modified_time\" content=\"2026-04-03T09:45:01+00:00\" \/>\n<meta property=\"og:image\" content=\"https:\/\/www.rieldaserrature.com\/wp-content\/uploads\/2026\/03\/RS4-1024x683.jpg\" \/>\n<meta name=\"twitter:card\" content=\"summary_large_image\" \/>\n<script type=\"application\/ld+json\" class=\"yoast-schema-graph\">{\"@context\":\"https:\\\/\\\/schema.org\",\"@graph\":[{\"@type\":\"WebPage\",\"@id\":\"https:\\\/\\\/www.rieldaserrature.com\\\/en\\\/standard\\\/\",\"url\":\"https:\\\/\\\/www.rieldaserrature.com\\\/en\\\/standard\\\/\",\"name\":\"Standard - Rielda Serrature | Sistemi di chiusura e serrature innovative\",\"isPartOf\":{\"@id\":\"https:\\\/\\\/www.rieldaserrature.com\\\/#website\"},\"primaryImageOfPage\":{\"@id\":\"https:\\\/\\\/www.rieldaserrature.com\\\/en\\\/standard\\\/#primaryimage\"},\"image\":{\"@id\":\"https:\\\/\\\/www.rieldaserrature.com\\\/en\\\/standard\\\/#primaryimage\"},\"thumbnailUrl\":\"https:\\\/\\\/www.rieldaserrature.com\\\/wp-content\\\/uploads\\\/2026\\\/03\\\/RS4-1024x683.jpg\",\"datePublished\":\"2025-12-23T13:52:14+00:00\",\"dateModified\":\"2026-04-03T09:45:01+00:00\",\"breadcrumb\":{\"@id\":\"https:\\\/\\\/www.rieldaserrature.com\\\/en\\\/standard\\\/#breadcrumb\"},\"inLanguage\":\"en-GB\",\"potentialAction\":[{\"@type\":\"ReadAction\",\"target\":[\"https:\\\/\\\/www.rieldaserrature.com\\\/en\\\/standard\\\/\"]}]},{\"@type\":\"ImageObject\",\"inLanguage\":\"en-GB\",\"@id\":\"https:\\\/\\\/www.rieldaserrature.com\\\/en\\\/standard\\\/#primaryimage\",\"url\":\"https:\\\/\\\/www.rieldaserrature.com\\\/wp-content\\\/uploads\\\/2026\\\/03\\\/RS4-1024x683.jpg\",\"contentUrl\":\"https:\\\/\\\/www.rieldaserrature.com\\\/wp-content\\\/uploads\\\/2026\\\/03\\\/RS4-1024x683.jpg\"},{\"@type\":\"BreadcrumbList\",\"@id\":\"https:\\\/\\\/www.rieldaserrature.com\\\/en\\\/standard\\\/#breadcrumb\",\"itemListElement\":[{\"@type\":\"ListItem\",\"position\":1,\"name\":\"Home\",\"item\":\"https:\\\/\\\/www.rieldaserrature.com\\\/\"},{\"@type\":\"ListItem\",\"position\":2,\"name\":\"Standard\"}]},{\"@type\":\"WebSite\",\"@id\":\"https:\\\/\\\/www.rieldaserrature.com\\\/#website\",\"url\":\"https:\\\/\\\/www.rieldaserrature.com\\\/\",\"name\":\"Rielda Serrature\",\"description\":\"\",\"publisher\":{\"@id\":\"https:\\\/\\\/www.rieldaserrature.com\\\/#organization\"},\"potentialAction\":[{\"@type\":\"SearchAction\",\"target\":{\"@type\":\"EntryPoint\",\"urlTemplate\":\"https:\\\/\\\/www.rieldaserrature.com\\\/?s={search_term_string}\"},\"query-input\":{\"@type\":\"PropertyValueSpecification\",\"valueRequired\":true,\"valueName\":\"search_term_string\"}}],\"inLanguage\":\"en-GB\"},{\"@type\":\"Organization\",\"@id\":\"https:\\\/\\\/www.rieldaserrature.com\\\/#organization\",\"name\":\"Rielda Serrature | Sistemi di chiusura e serrature innovative\",\"url\":\"https:\\\/\\\/www.rieldaserrature.com\\\/\",\"logo\":{\"@type\":\"ImageObject\",\"inLanguage\":\"en-GB\",\"@id\":\"https:\\\/\\\/www.rieldaserrature.com\\\/#\\\/schema\\\/logo\\\/image\\\/\",\"url\":\"https:\\\/\\\/www.rieldaserrature.com\\\/wp-content\\\/uploads\\\/2025\\\/12\\\/logo_rielda.png\",\"contentUrl\":\"https:\\\/\\\/www.rieldaserrature.com\\\/wp-content\\\/uploads\\\/2025\\\/12\\\/logo_rielda.png\",\"width\":500,\"height\":500,\"caption\":\"Rielda Serrature | Sistemi di chiusura e serrature innovative\"},\"image\":{\"@id\":\"https:\\\/\\\/www.rieldaserrature.com\\\/#\\\/schema\\\/logo\\\/image\\\/\"}}]}<\/script>\n<!-- \/ Yoast SEO plugin. -->","yoast_head_json":{"title":"Standard - Rielda Serrature | Sistemi di chiusura e serrature innovative","robots":{"index":"index","follow":"follow","max-snippet":"max-snippet:-1","max-image-preview":"max-image-preview:large","max-video-preview":"max-video-preview:-1"},"canonical":"https:\/\/www.rieldaserrature.com\/en\/standard\/","og_locale":"en_GB","og_type":"article","og_title":"Standard - Rielda Serrature | Sistemi di chiusura e serrature innovative","og_description":"Standard La meccanica standard \u00e8 una tecnologia consolidata ma noil&#8217;abbiamo riprogettata nei suoi elementi fondamentali. &#8220;Invece dei classici perni e controperni abbiamo scelto una soluzione a lamelle,per maggior precisione, affidabilit\u00e0 e controllo&#8221; RS4 Residenziale e Privato Scopri di pi\u00f9 RS5 Vending e Gaming Scopri di pi\u00f9","og_url":"https:\/\/www.rieldaserrature.com\/en\/standard\/","og_site_name":"Rielda Serrature | Sistemi di chiusura e serrature innovative","article_modified_time":"2026-04-03T09:45:01+00:00","og_image":[{"url":"https:\/\/www.rieldaserrature.com\/wp-content\/uploads\/2026\/03\/RS4-1024x683.jpg","type":"","width":"","height":""}],"twitter_card":"summary_large_image","schema":{"@context":"https:\/\/schema.org","@graph":[{"@type":"WebPage","@id":"https:\/\/www.rieldaserrature.com\/en\/standard\/","url":"https:\/\/www.rieldaserrature.com\/en\/standard\/","name":"Standard - Rielda Serrature | Sistemi di chiusura e serrature innovative","isPartOf":{"@id":"https:\/\/www.rieldaserrature.com\/#website"},"primaryImageOfPage":{"@id":"https:\/\/www.rieldaserrature.com\/en\/standard\/#primaryimage"},"image":{"@id":"https:\/\/www.rieldaserrature.com\/en\/standard\/#primaryimage"},"thumbnailUrl":"https:\/\/www.rieldaserrature.com\/wp-content\/uploads\/2026\/03\/RS4-1024x683.jpg","datePublished":"2025-12-23T13:52:14+00:00","dateModified":"2026-04-03T09:45:01+00:00","breadcrumb":{"@id":"https:\/\/www.rieldaserrature.com\/en\/standard\/#breadcrumb"},"inLanguage":"en-GB","potentialAction":[{"@type":"ReadAction","target":["https:\/\/www.rieldaserrature.com\/en\/standard\/"]}]},{"@type":"ImageObject","inLanguage":"en-GB","@id":"https:\/\/www.rieldaserrature.com\/en\/standard\/#primaryimage","url":"https:\/\/www.rieldaserrature.com\/wp-content\/uploads\/2026\/03\/RS4-1024x683.jpg","contentUrl":"https:\/\/www.rieldaserrature.com\/wp-content\/uploads\/2026\/03\/RS4-1024x683.jpg"},{"@type":"BreadcrumbList","@id":"https:\/\/www.rieldaserrature.com\/en\/standard\/#breadcrumb","itemListElement":[{"@type":"ListItem","position":1,"name":"Home","item":"https:\/\/www.rieldaserrature.com\/"},{"@type":"ListItem","position":2,"name":"Standard"}]},{"@type":"WebSite","@id":"https:\/\/www.rieldaserrature.com\/#website","url":"https:\/\/www.rieldaserrature.com\/","name":"Rielda Serrature","description":"","publisher":{"@id":"https:\/\/www.rieldaserrature.com\/#organization"},"potentialAction":[{"@type":"SearchAction","target":{"@type":"EntryPoint","urlTemplate":"https:\/\/www.rieldaserrature.com\/?s={search_term_string}"},"query-input":{"@type":"PropertyValueSpecification","valueRequired":true,"valueName":"search_term_string"}}],"inLanguage":"en-GB"},{"@type":"Organization","@id":"https:\/\/www.rieldaserrature.com\/#organization","name":"Rielda Serrature | Sistemi di chiusura e serrature innovative","url":"https:\/\/www.rieldaserrature.com\/","logo":{"@type":"ImageObject","inLanguage":"en-GB","@id":"https:\/\/www.rieldaserrature.com\/#\/schema\/logo\/image\/","url":"https:\/\/www.rieldaserrature.com\/wp-content\/uploads\/2025\/12\/logo_rielda.png","contentUrl":"https:\/\/www.rieldaserrature.com\/wp-content\/uploads\/2025\/12\/logo_rielda.png","width":500,"height":500,"caption":"Rielda Serrature | Sistemi di chiusura e serrature innovative"},"image":{"@id":"https:\/\/www.rieldaserrature.com\/#\/schema\/logo\/image\/"}}]}},"_links":{"self":[{"href":"https:\/\/www.rieldaserrature.com\/en\/wp-json\/wp\/v2\/pages\/388","targetHints":{"allow":["GET"]}}],"collection":[{"href":"https:\/\/www.rieldaserrature.com\/en\/wp-json\/wp\/v2\/pages"}],"about":[{"href":"https:\/\/www.rieldaserrature.com\/en\/wp-json\/wp\/v2\/types\/page"}],"author":[{"embeddable":true,"href":"https:\/\/www.rieldaserrature.com\/en\/wp-json\/wp\/v2\/users\/1"}],"replies":[{"embeddable":true,"href":"https:\/\/www.rieldaserrature.com\/en\/wp-json\/wp\/v2\/comments?post=388"}],"version-history":[{"count":25,"href":"https:\/\/www.rieldaserrature.com\/en\/wp-json\/wp\/v2\/pages\/388\/revisions"}],"predecessor-version":[{"id":2933,"href":"https:\/\/www.rieldaserrature.com\/en\/wp-json\/wp\/v2\/pages\/388\/revisions\/2933"}],"wp:attachment":[{"href":"https:\/\/www.rieldaserrature.com\/en\/wp-json\/wp\/v2\/media?parent=388"}],"curies":[{"name":"wp","href":"https:\/\/api.w.org\/{rel}","templated":true}]}}